{"id":3564,"date":"2015-08-02T22:00:41","date_gmt":"2015-08-02T22:00:41","guid":{"rendered":"http:\/\/74.220.219.113\/~shereenz\/?page_id=3564"},"modified":"2019-02-25T14:46:24","modified_gmt":"2019-02-25T19:46:24","slug":"bio","status":"publish","type":"page","link":"https:\/\/www.shereenzangana.com\/photo\/bio\/","title":{"rendered":"INFO"},"content":{"rendered":"<div class=\"be-section   be-bg-cover      clearfix\" data-headerscheme=\"background--light\" style=\" \"  ><div class=\"be-section-pad clearfix \" style=\" padding-top:90px;padding-bottom:90px;\" data-padding-top = \"90\"><div  class=\"be-row  \"><div  class=\"one-half column-block  no-background    \" data-animation=\"\" style=\"  \"><div class=\"be-custom-column-pad\" style=\"padding-top: 0px;padding-right: 0px;padding-bottom: 0px;padding-left: 0px;\"><div class=\"linebreak hide-mobile\" style=\"height:90px;\"><\/div><p><span style=\"color: #000000;\">I&#8217;m a professional photographer based in Aarhus who specializes in food, portrait and lifestyle photography. I love nutty sour dough bread, design, gardening, great conversation, bicycles and dark chocolate. I currently hold a diploma in commercial photography from Dawson College.<\/span><\/p>\n<p><span style=\"color: #000000;\">Je suis photographe professionelle, \u00e9tablie dans la r\u00e9gion de Aarhus, Danemark. Mes champs d&#8217;int\u00e9r\u00eats sont&nbsp;la photographie culinaire, le portrait et la photographie style \u00abmode de vie\u00bb.&nbsp;J&#8217;aime le pain au levain, le design \u00e0 la fine pointe, le jardinage, les bonnes discussions, me promener en v\u00e9lo et le chocolat noir.&nbsp;Je tiens&nbsp;pr\u00e9sentement mon dipl\u00f4me en photographie commerciale de&nbsp;College Dawson.<\/span><\/p>\n<p><span style=\"color: #000000;\"><strong>write<\/strong><\/span><br \/>\n<span style=\"color: #000000;\">info@shereenzangana.com<\/span><\/p>\n<p>follow<br \/>\n<a href=\"https:\/\/instagram.com\/szangana\/\" target=\"_blank\" rel=\"noopener\">instagram<\/a><\/p>\n<\/div><\/div><div  class=\"one-half column-block  no-background    \" data-animation=\"\" style=\"  \"><div class=\"be-custom-column-inner\"><p><img decoding=\"async\" loading=\"lazy\" class=\"alignnone wp-image-3686 size-full\" src=\"http:\/\/www.shereenzangana.com\/photo\/wp-content\/uploads\/2015\/08\/MG_8949-copy.jpg\" alt=\"\" width=\"720\" height=\"900\" srcset=\"https:\/\/www.shereenzangana.com\/photo\/wp-content\/uploads\/2015\/08\/MG_8949-copy.jpg 720w, https:\/\/www.shereenzangana.com\/photo\/wp-content\/uploads\/2015\/08\/MG_8949-copy-240x300.jpg 240w, https:\/\/www.shereenzangana.com\/photo\/wp-content\/uploads\/2015\/08\/MG_8949-copy-650x812.jpg 650w\" sizes=\"auto, (max-width: 720px) 100vw, 720px\" \/><\/p>\n<\/div><\/div><\/div><\/div><\/div>","protected":false},"excerpt":{"rendered":"<p>I&#8217;m a professional photographer based in Aarhus who specializes in food, portrait and lifestyle photography. I love nutty sour dough bread, design, gardening, great conversation, bicycles and dark chocolate. I [&hellip;]<\/p>\n<p><a href=\"https:\/\/www.shereenzangana.com\/photo\/bio\/\" class=\"more-link style1-button\">Read More<\/a><\/p>","protected":false},"author":1,"featured_media":0,"parent":0,"menu_order":0,"comment_status":"open","ping_status":"open","template":"","meta":{"nf_dc_page":"","footnotes":""},"class_list":["post-3564","page","type-page","status-publish","hentry"],"_links":{"self":[{"href":"https:\/\/www.shereenzangana.com\/photo\/wp-json\/wp\/v2\/pages\/3564","targetHints":{"allow":["GET"]}}],"collection":[{"href":"https:\/\/www.shereenzangana.com\/photo\/wp-json\/wp\/v2\/pages"}],"about":[{"href":"https:\/\/www.shereenzangana.com\/photo\/wp-json\/wp\/v2\/types\/page"}],"author":[{"embeddable":true,"href":"https:\/\/www.shereenzangana.com\/photo\/wp-json\/wp\/v2\/users\/1"}],"replies":[{"embeddable":true,"href":"https:\/\/www.shereenzangana.com\/photo\/wp-json\/wp\/v2\/comments?post=3564"}],"version-history":[{"count":3,"href":"https:\/\/www.shereenzangana.com\/photo\/wp-json\/wp\/v2\/pages\/3564\/revisions"}],"predecessor-version":[{"id":3790,"href":"https:\/\/www.shereenzangana.com\/photo\/wp-json\/wp\/v2\/pages\/3564\/revisions\/3790"}],"wp:attachment":[{"href":"https:\/\/www.shereenzangana.com\/photo\/wp-json\/wp\/v2\/media?parent=3564"}],"curies":[{"name":"wp","href":"https:\/\/api.w.org\/{rel}","templated":true}]}}